{"id":2372,"date":"2024-12-27T00:14:53","date_gmt":"2024-12-27T00:14:53","guid":{"rendered":"https:\/\/soldadurasutpmty.com\/?post_type=product&#038;p=2372"},"modified":"2024-12-30T20:38:09","modified_gmt":"2024-12-30T20:38:09","slug":"utp-641","status":"publish","type":"product","link":"https:\/\/soldadurasutpmty.com\/index.php\/producto\/utp-641\/","title":{"rendered":"UTP 641"},"content":{"rendered":"<h1>Electrodo b\u00e1sico al CrMo resistente a la temperatura y a la corrosi\u00f3n.<\/h1>\n","protected":false},"excerpt":{"rendered":"<p><strong>Caracter\u00edsticas:<br \/>\n<\/strong>UTP 641 se suelda en todas las posiciones. Tiene un arco estable y sin salpicaduras. Separaci\u00f3n f\u00e1cil de la escoria. Rendimiento 115%. La superficie del cord\u00f3n tiene un aspecto liso y fino, sin socavaciones. Los dep\u00f3sitos tienen alta resistencia a la fisuraci\u00f3n y poseen gran tenacidad. La punta de encendido del electrodo ayuda a la eliminaci\u00f3n de poros en el inicio del arco.<\/p>\n<p><a href=\"https:\/\/soldadurasutpmty.com\/wp-content\/uploads\/2024\/12\/UTP-641.pdf\" target=\"_blank\" rel=\"noopener\"><img loading=\"lazy\" decoding=\"async\" class=\"alignnone wp-image-2318\" src=\"https:\/\/soldadurasutpmty.com\/wp-content\/uploads\/2024\/12\/El-texto-del-parrafo-1-300x62.png\" alt=\"\" width=\"159\" height=\"33\" \/><\/a><\/p>\n","protected":false},"featured_media":2443,"comment_status":"open","ping_status":"closed","template":"","meta":{"_et_pb_use_builder":"","_et_pb_old_content":"","_et_gb_content_width":""},"product_brand":[],"product_cat":[35],"product_tag":[],"class_list":{"0":"post-2372","1":"product","2":"type-product","3":"status-publish","4":"has-post-thumbnail","6":"product_cat-soldaduras-especiales","8":"first","9":"instock","10":"shipping-taxable","11":"product-type-simple"},"_links":{"self":[{"href":"https:\/\/soldadurasutpmty.com\/index.php\/wp-json\/wp\/v2\/product\/2372","targetHints":{"allow":["GET"]}}],"collection":[{"href":"https:\/\/soldadurasutpmty.com\/index.php\/wp-json\/wp\/v2\/product"}],"about":[{"href":"https:\/\/soldadurasutpmty.com\/index.php\/wp-json\/wp\/v2\/types\/product"}],"replies":[{"embeddable":true,"href":"https:\/\/soldadurasutpmty.com\/index.php\/wp-json\/wp\/v2\/comments?post=2372"}],"wp:featuredmedia":[{"embeddable":true,"href":"https:\/\/soldadurasutpmty.com\/index.php\/wp-json\/wp\/v2\/media\/2443"}],"wp:attachment":[{"href":"https:\/\/soldadurasutpmty.com\/index.php\/wp-json\/wp\/v2\/media?parent=2372"}],"wp:term":[{"taxonomy":"product_brand","embeddable":true,"href":"https:\/\/soldadurasutpmty.com\/index.php\/wp-json\/wp\/v2\/product_brand?post=2372"},{"taxonomy":"product_cat","embeddable":true,"href":"https:\/\/soldadurasutpmty.com\/index.php\/wp-json\/wp\/v2\/product_cat?post=2372"},{"taxonomy":"product_tag","embeddable":true,"href":"https:\/\/soldadurasutpmty.com\/index.php\/wp-json\/wp\/v2\/product_tag?post=2372"}],"curies":[{"name":"wp","href":"https:\/\/api.w.org\/{rel}","templated":true}]}}