{"id":2364,"date":"2024-12-27T00:08:12","date_gmt":"2024-12-27T00:08:12","guid":{"rendered":"https:\/\/soldadurasutpmty.com\/?post_type=product&#038;p=2364"},"modified":"2024-12-30T20:45:05","modified_gmt":"2024-12-30T20:45:05","slug":"utp-63","status":"publish","type":"product","link":"https:\/\/soldadurasutpmty.com\/index.php\/producto\/utp-63\/","title":{"rendered":"UTP 63"},"content":{"rendered":"<h1>Electrodo especial totalmente austen\u00edtico, Aplicaci\u00f3n universal.<\/h1>\n","protected":false},"excerpt":{"rendered":"<p><strong>Caracter\u00edsticas:<br \/>\n<\/strong>Se suelda en todas las posiciones, excepto la vertical descendente. La escoria se quita f\u00e1cilmente. La superficie de los cordones es lisa y limpia. El dep\u00f3sito es a prueba de fisuras y posee una alta elasticidad, atenuando y equilibrando as\u00ed las tensiones internas. El dep\u00f3sito se endurece por trabajo en fr\u00edo. Tiene resistencia a la corrosi\u00f3n y a la oxidaci\u00f3n.<\/p>\n<p><a href=\"https:\/\/soldadurasutpmty.com\/wp-content\/uploads\/2024\/12\/UTP-63.pdf\" target=\"_blank\" rel=\"noopener\"><img loading=\"lazy\" decoding=\"async\" class=\"alignnone wp-image-2318\" src=\"https:\/\/soldadurasutpmty.com\/wp-content\/uploads\/2024\/12\/El-texto-del-parrafo-1-300x62.png\" alt=\"\" width=\"159\" height=\"33\" \/><\/a><\/p>\n","protected":false},"featured_media":2447,"comment_status":"open","ping_status":"closed","template":"","meta":{"_et_pb_use_builder":"","_et_pb_old_content":"","_et_gb_content_width":""},"product_brand":[],"product_cat":[35],"product_tag":[],"class_list":{"0":"post-2364","1":"product","2":"type-product","3":"status-publish","4":"has-post-thumbnail","6":"product_cat-soldaduras-especiales","8":"first","9":"instock","10":"shipping-taxable","11":"product-type-simple"},"_links":{"self":[{"href":"https:\/\/soldadurasutpmty.com\/index.php\/wp-json\/wp\/v2\/product\/2364","targetHints":{"allow":["GET"]}}],"collection":[{"href":"https:\/\/soldadurasutpmty.com\/index.php\/wp-json\/wp\/v2\/product"}],"about":[{"href":"https:\/\/soldadurasutpmty.com\/index.php\/wp-json\/wp\/v2\/types\/product"}],"replies":[{"embeddable":true,"href":"https:\/\/soldadurasutpmty.com\/index.php\/wp-json\/wp\/v2\/comments?post=2364"}],"wp:featuredmedia":[{"embeddable":true,"href":"https:\/\/soldadurasutpmty.com\/index.php\/wp-json\/wp\/v2\/media\/2447"}],"wp:attachment":[{"href":"https:\/\/soldadurasutpmty.com\/index.php\/wp-json\/wp\/v2\/media?parent=2364"}],"wp:term":[{"taxonomy":"product_brand","embeddable":true,"href":"https:\/\/soldadurasutpmty.com\/index.php\/wp-json\/wp\/v2\/product_brand?post=2364"},{"taxonomy":"product_cat","embeddable":true,"href":"https:\/\/soldadurasutpmty.com\/index.php\/wp-json\/wp\/v2\/product_cat?post=2364"},{"taxonomy":"product_tag","embeddable":true,"href":"https:\/\/soldadurasutpmty.com\/index.php\/wp-json\/wp\/v2\/product_tag?post=2364"}],"curies":[{"name":"wp","href":"https:\/\/api.w.org\/{rel}","templated":true}]}}