{"id":2358,"date":"2024-12-27T00:02:43","date_gmt":"2024-12-27T00:02:43","guid":{"rendered":"https:\/\/soldadurasutpmty.com\/?post_type=product&#038;p=2358"},"modified":"2024-12-30T20:50:12","modified_gmt":"2024-12-30T20:50:12","slug":"gel-de-decapado-122","status":"publish","type":"product","link":"https:\/\/soldadurasutpmty.com\/index.php\/producto\/gel-de-decapado-122\/","title":{"rendered":"GEL DE DECAPADO 122"},"content":{"rendered":"<h1>Gel de decapado para uso y almacenamiento en climas m\u00e1s c\u00e1lidos.<\/h1>\n","protected":false},"excerpt":{"rendered":"<p><strong>Caracter\u00edsticas:<br \/>\n<\/strong>Restaura las superficies de acero inoxidable da\u00f1adas, como los cordones de soldadura, eliminando los \u00f3xidos de dichos cordones, la capa subyacente sin cromo y otros defectos que pueden causar corrosi\u00f3n local. Los resultados de decapado est\u00e1n mejorados, ofreciendo una superficie m\u00e1s brillante con menos decoloraci\u00f3n que los productos cl\u00e1sicos. La consistencia de gel transparente proporciona una buena adherencia a la superficie de acero inoxidable. Puede utilizarse y almacenarse en climas m\u00e1s c\u00e1lidos (el gel es termoestable hasta +45 \u00b0C).<\/p>\n<p><a href=\"https:\/\/soldadurasutpmty.com\/wp-content\/uploads\/2024\/12\/PDS-Pickling-Gel-122-4.pdf\" target=\"_blank\" rel=\"noopener\"><img loading=\"lazy\" decoding=\"async\" class=\"alignnone wp-image-2318\" src=\"https:\/\/soldadurasutpmty.com\/wp-content\/uploads\/2024\/12\/El-texto-del-parrafo-1-300x62.png\" alt=\"\" width=\"159\" height=\"33\" \/><\/a><\/p>\n","protected":false},"featured_media":2450,"comment_status":"open","ping_status":"closed","template":"","meta":{"_et_pb_use_builder":"","_et_pb_old_content":"","_et_gb_content_width":""},"product_brand":[],"product_cat":[35],"product_tag":[],"class_list":{"0":"post-2358","1":"product","2":"type-product","3":"status-publish","4":"has-post-thumbnail","6":"product_cat-soldaduras-especiales","8":"first","9":"instock","10":"shipping-taxable","11":"product-type-simple"},"_links":{"self":[{"href":"https:\/\/soldadurasutpmty.com\/index.php\/wp-json\/wp\/v2\/product\/2358","targetHints":{"allow":["GET"]}}],"collection":[{"href":"https:\/\/soldadurasutpmty.com\/index.php\/wp-json\/wp\/v2\/product"}],"about":[{"href":"https:\/\/soldadurasutpmty.com\/index.php\/wp-json\/wp\/v2\/types\/product"}],"replies":[{"embeddable":true,"href":"https:\/\/soldadurasutpmty.com\/index.php\/wp-json\/wp\/v2\/comments?post=2358"}],"wp:featuredmedia":[{"embeddable":true,"href":"https:\/\/soldadurasutpmty.com\/index.php\/wp-json\/wp\/v2\/media\/2450"}],"wp:attachment":[{"href":"https:\/\/soldadurasutpmty.com\/index.php\/wp-json\/wp\/v2\/media?parent=2358"}],"wp:term":[{"taxonomy":"product_brand","embeddable":true,"href":"https:\/\/soldadurasutpmty.com\/index.php\/wp-json\/wp\/v2\/product_brand?post=2358"},{"taxonomy":"product_cat","embeddable":true,"href":"https:\/\/soldadurasutpmty.com\/index.php\/wp-json\/wp\/v2\/product_cat?post=2358"},{"taxonomy":"product_tag","embeddable":true,"href":"https:\/\/soldadurasutpmty.com\/index.php\/wp-json\/wp\/v2\/product_tag?post=2358"}],"curies":[{"name":"wp","href":"https:\/\/api.w.org\/{rel}","templated":true}]}}