{"id":2347,"date":"2024-12-26T23:50:51","date_gmt":"2024-12-26T23:50:51","guid":{"rendered":"https:\/\/soldadurasutpmty.com\/?post_type=product&#038;p=2347"},"modified":"2024-12-30T21:07:22","modified_gmt":"2024-12-30T21:07:22","slug":"bohler-q-71-rc-dg","status":"publish","type":"product","link":"https:\/\/soldadurasutpmty.com\/index.php\/producto\/bohler-q-71-rc-dg\/","title":{"rendered":"B\u00d6HLER Q 71 RC DG"},"content":{"rendered":"<h1>Alambre tubular del tipo Flux Cored rut\u00edlico para soldar aceros al carbono.<\/h1>\n","protected":false},"excerpt":{"rendered":"<p><strong>Caracter\u00edsticas:<br \/>\n<\/strong>Alambre tubular de tipo rut\u00edlico para todas las posiciones con sistema de escoria de solidificaci\u00f3n r\u00e1pida. Apto para soldar con gas protector M21 y 100% CO\u2082. Alambre de f\u00e1cil aplicaci\u00f3n, permite \u00f3ptimas caracter\u00edsticas de soldadura en todas las posiciones con un alambre de 1,2 mm de di\u00e1metro. Excelentes propiedades mec\u00e1nicas, f\u00e1cil eliminaci\u00f3n de la escoria, bajas p\u00e9rdidas por salpicaduras. La superficie del cord\u00f3n es lisa y con estr\u00edas muy finas, alta calidad radiogr\u00e1fica. \u00d3ptimo para la soldadura de estructuras y aceros de grano fino hasta una temperatura de servicio de -20 \u00baC. El producto ofrece la m\u00e1xima productividad con un ahorro significativo de tiempo y aspectos econ\u00f3micos cuando se utiliza para aplicaciones de todas posiciones.<\/p>\n<p><a href=\"https:\/\/soldadurasutpmty.com\/wp-content\/uploads\/2024\/12\/BOHLER-Q-71-RC-DG-ES.pdf\" target=\"_blank\" rel=\"noopener\"><img loading=\"lazy\" decoding=\"async\" class=\"alignnone wp-image-2318\" src=\"https:\/\/soldadurasutpmty.com\/wp-content\/uploads\/2024\/12\/El-texto-del-parrafo-1-300x62.png\" alt=\"\" width=\"159\" height=\"33\" \/><\/a><\/p>\n","protected":false},"featured_media":2468,"comment_status":"open","ping_status":"closed","template":"","meta":{"_et_pb_use_builder":"","_et_pb_old_content":"","_et_gb_content_width":""},"product_brand":[],"product_cat":[34],"product_tag":[],"class_list":{"0":"post-2347","1":"product","2":"type-product","3":"status-publish","4":"has-post-thumbnail","6":"product_cat-soldaduras-convencionales","8":"first","9":"instock","10":"shipping-taxable","11":"product-type-simple"},"_links":{"self":[{"href":"https:\/\/soldadurasutpmty.com\/index.php\/wp-json\/wp\/v2\/product\/2347","targetHints":{"allow":["GET"]}}],"collection":[{"href":"https:\/\/soldadurasutpmty.com\/index.php\/wp-json\/wp\/v2\/product"}],"about":[{"href":"https:\/\/soldadurasutpmty.com\/index.php\/wp-json\/wp\/v2\/types\/product"}],"replies":[{"embeddable":true,"href":"https:\/\/soldadurasutpmty.com\/index.php\/wp-json\/wp\/v2\/comments?post=2347"}],"wp:featuredmedia":[{"embeddable":true,"href":"https:\/\/soldadurasutpmty.com\/index.php\/wp-json\/wp\/v2\/media\/2468"}],"wp:attachment":[{"href":"https:\/\/soldadurasutpmty.com\/index.php\/wp-json\/wp\/v2\/media?parent=2347"}],"wp:term":[{"taxonomy":"product_brand","embeddable":true,"href":"https:\/\/soldadurasutpmty.com\/index.php\/wp-json\/wp\/v2\/product_brand?post=2347"},{"taxonomy":"product_cat","embeddable":true,"href":"https:\/\/soldadurasutpmty.com\/index.php\/wp-json\/wp\/v2\/product_cat?post=2347"},{"taxonomy":"product_tag","embeddable":true,"href":"https:\/\/soldadurasutpmty.com\/index.php\/wp-json\/wp\/v2\/product_tag?post=2347"}],"curies":[{"name":"wp","href":"https:\/\/api.w.org\/{rel}","templated":true}]}}