{"id":2345,"date":"2024-12-26T23:47:54","date_gmt":"2024-12-26T23:47:54","guid":{"rendered":"https:\/\/soldadurasutpmty.com\/?post_type=product&#038;p=2345"},"modified":"2024-12-30T21:09:01","modified_gmt":"2024-12-30T21:09:01","slug":"utp-730-g4","status":"publish","type":"product","link":"https:\/\/soldadurasutpmty.com\/index.php\/producto\/utp-730-g4\/","title":{"rendered":"UTP 730 G4"},"content":{"rendered":"<h1>Electrodo de bajo hidr\u00f3geno para revestimientos resistentes al calor, contra impacto, compresi\u00f3n y abrasi\u00f3n. Maquinable con herramientas de corte.<\/h1>\n","protected":false},"excerpt":{"rendered":"<p><strong>Caracter\u00edsticas:<br \/>\n<\/strong>UTP 730 G4 se deposita f\u00e1cilmente en posici\u00f3n horizontal y tambi\u00e9n ligeramente ascendente. El ba\u00f1o de fusi\u00f3n se puede controlar de manera c\u00f3moda. La escoria se quita sin dificultad.<\/p>\n<p><a href=\"https:\/\/soldadurasutpmty.com\/wp-content\/uploads\/2024\/12\/UTP-730-G4.pdf\" target=\"_blank\" rel=\"noopener\"><img loading=\"lazy\" decoding=\"async\" class=\"alignnone wp-image-2318\" src=\"https:\/\/soldadurasutpmty.com\/wp-content\/uploads\/2024\/12\/El-texto-del-parrafo-1-300x62.png\" alt=\"\" width=\"159\" height=\"33\" \/><\/a><\/p>\n","protected":false},"featured_media":2469,"comment_status":"open","ping_status":"closed","template":"","meta":{"_et_pb_use_builder":"","_et_pb_old_content":"","_et_gb_content_width":""},"product_brand":[],"product_cat":[33],"product_tag":[],"class_list":{"0":"post-2345","1":"product","2":"type-product","3":"status-publish","4":"has-post-thumbnail","6":"product_cat-revestimientos-duros","8":"first","9":"instock","10":"shipping-taxable","11":"product-type-simple"},"_links":{"self":[{"href":"https:\/\/soldadurasutpmty.com\/index.php\/wp-json\/wp\/v2\/product\/2345","targetHints":{"allow":["GET"]}}],"collection":[{"href":"https:\/\/soldadurasutpmty.com\/index.php\/wp-json\/wp\/v2\/product"}],"about":[{"href":"https:\/\/soldadurasutpmty.com\/index.php\/wp-json\/wp\/v2\/types\/product"}],"replies":[{"embeddable":true,"href":"https:\/\/soldadurasutpmty.com\/index.php\/wp-json\/wp\/v2\/comments?post=2345"}],"wp:featuredmedia":[{"embeddable":true,"href":"https:\/\/soldadurasutpmty.com\/index.php\/wp-json\/wp\/v2\/media\/2469"}],"wp:attachment":[{"href":"https:\/\/soldadurasutpmty.com\/index.php\/wp-json\/wp\/v2\/media?parent=2345"}],"wp:term":[{"taxonomy":"product_brand","embeddable":true,"href":"https:\/\/soldadurasutpmty.com\/index.php\/wp-json\/wp\/v2\/product_brand?post=2345"},{"taxonomy":"product_cat","embeddable":true,"href":"https:\/\/soldadurasutpmty.com\/index.php\/wp-json\/wp\/v2\/product_cat?post=2345"},{"taxonomy":"product_tag","embeddable":true,"href":"https:\/\/soldadurasutpmty.com\/index.php\/wp-json\/wp\/v2\/product_tag?post=2345"}],"curies":[{"name":"wp","href":"https:\/\/api.w.org\/{rel}","templated":true}]}}