{"id":2341,"date":"2024-12-26T23:42:46","date_gmt":"2024-12-26T23:42:46","guid":{"rendered":"https:\/\/soldadurasutpmty.com\/?post_type=product&#038;p=2341"},"modified":"2024-12-30T21:13:08","modified_gmt":"2024-12-30T21:13:08","slug":"utp-670","status":"publish","type":"product","link":"https:\/\/soldadurasutpmty.com\/index.php\/producto\/utp-670\/","title":{"rendered":"UTP 670"},"content":{"rendered":"<h1>Electrodo b\u00e1sico para revestimientos duros resistentes a impacto, compresi\u00f3n y abrasi\u00f3n.<\/h1>\n","protected":false},"excerpt":{"rendered":"<p><strong>Caracter\u00edsticas:<br \/>\n<\/strong>UTP 670 se puede soldar f\u00e1cilmente en posici\u00f3n horizontal y ascendente. La escoria se quita con facilidad. La superficie de los cordones se presenta lisa.<\/p>\n<p><a href=\"https:\/\/soldadurasutpmty.com\/wp-content\/uploads\/2024\/12\/UTP-670.pdf\" target=\"_blank\" rel=\"noopener\"><img loading=\"lazy\" decoding=\"async\" class=\"alignnone wp-image-2318\" src=\"https:\/\/soldadurasutpmty.com\/wp-content\/uploads\/2024\/12\/El-texto-del-parrafo-1-300x62.png\" alt=\"\" width=\"159\" height=\"33\" \/><\/a><\/p>\n","protected":false},"featured_media":2471,"comment_status":"open","ping_status":"closed","template":"","meta":{"_et_pb_use_builder":"","_et_pb_old_content":"","_et_gb_content_width":""},"product_brand":[],"product_cat":[33],"product_tag":[],"class_list":{"0":"post-2341","1":"product","2":"type-product","3":"status-publish","4":"has-post-thumbnail","6":"product_cat-revestimientos-duros","8":"first","9":"instock","10":"shipping-taxable","11":"product-type-simple"},"_links":{"self":[{"href":"https:\/\/soldadurasutpmty.com\/index.php\/wp-json\/wp\/v2\/product\/2341","targetHints":{"allow":["GET"]}}],"collection":[{"href":"https:\/\/soldadurasutpmty.com\/index.php\/wp-json\/wp\/v2\/product"}],"about":[{"href":"https:\/\/soldadurasutpmty.com\/index.php\/wp-json\/wp\/v2\/types\/product"}],"replies":[{"embeddable":true,"href":"https:\/\/soldadurasutpmty.com\/index.php\/wp-json\/wp\/v2\/comments?post=2341"}],"wp:featuredmedia":[{"embeddable":true,"href":"https:\/\/soldadurasutpmty.com\/index.php\/wp-json\/wp\/v2\/media\/2471"}],"wp:attachment":[{"href":"https:\/\/soldadurasutpmty.com\/index.php\/wp-json\/wp\/v2\/media?parent=2341"}],"wp:term":[{"taxonomy":"product_brand","embeddable":true,"href":"https:\/\/soldadurasutpmty.com\/index.php\/wp-json\/wp\/v2\/product_brand?post=2341"},{"taxonomy":"product_cat","embeddable":true,"href":"https:\/\/soldadurasutpmty.com\/index.php\/wp-json\/wp\/v2\/product_cat?post=2341"},{"taxonomy":"product_tag","embeddable":true,"href":"https:\/\/soldadurasutpmty.com\/index.php\/wp-json\/wp\/v2\/product_tag?post=2341"}],"curies":[{"name":"wp","href":"https:\/\/api.w.org\/{rel}","templated":true}]}}