{"id":2335,"date":"2024-12-26T23:34:12","date_gmt":"2024-12-26T23:34:12","guid":{"rendered":"https:\/\/soldadurasutpmty.com\/?post_type=product&#038;p=2335"},"modified":"2024-12-30T21:18:37","modified_gmt":"2024-12-30T21:18:37","slug":"soldaduras-utp-309-l","status":"publish","type":"product","link":"https:\/\/soldadurasutpmty.com\/index.php\/producto\/soldaduras-utp-309-l\/","title":{"rendered":"Soldaduras UTP 309 L"},"content":{"rendered":"<h1>Electrodo especial de bajo carbono y revestimiento rut\u00edlico para acerosal 22\/12 Cr-Ni resistentes a la corrosi\u00f3n y al calor.<\/h1>\n","protected":false},"excerpt":{"rendered":"<p><strong>Caracter\u00edsticas:<br \/>\n<\/strong>UTP 309L tiene buena soldabilidad en todas las posiciones, excepto la vertical descendente. Tiene arco estable, el dep\u00f3sito se efect\u00faa sin salpicaduras ni socavaciones y la superficie del cord\u00f3n es lisa. Un campo especial de aplicaci\u00f3n es el revestimiento (cladding) de aceros no aleados o de m\u00e1s baja aleaci\u00f3n cuando en la primera capa se pretende lograr una aleaci\u00f3n 18\/8 CrNi (aproximadamente AISI 304). Tambi\u00e9n se pueden soldar aceros revestidos con placa o con dep\u00f3sito de soldadura ( overlay- cladding) de composici\u00f3n qu\u00edmica similar.<\/p>\n<p><a href=\"https:\/\/soldadurasutpmty.com\/wp-content\/uploads\/2024\/12\/Soldaduras-utp-utp-309l.pdf\" target=\"_blank\" rel=\"noopener\"><img loading=\"lazy\" decoding=\"async\" class=\"alignnone wp-image-2318\" src=\"https:\/\/soldadurasutpmty.com\/wp-content\/uploads\/2024\/12\/El-texto-del-parrafo-1-300x62.png\" alt=\"\" width=\"159\" height=\"33\" \/><\/a><\/p>\n","protected":false},"featured_media":2474,"comment_status":"open","ping_status":"closed","template":"","meta":{"_et_pb_use_builder":"","_et_pb_old_content":"","_et_gb_content_width":""},"product_brand":[],"product_cat":[32],"product_tag":[],"class_list":{"0":"post-2335","1":"product","2":"type-product","3":"status-publish","4":"has-post-thumbnail","6":"product_cat-inoxidables","8":"first","9":"instock","10":"shipping-taxable","11":"product-type-simple"},"_links":{"self":[{"href":"https:\/\/soldadurasutpmty.com\/index.php\/wp-json\/wp\/v2\/product\/2335","targetHints":{"allow":["GET"]}}],"collection":[{"href":"https:\/\/soldadurasutpmty.com\/index.php\/wp-json\/wp\/v2\/product"}],"about":[{"href":"https:\/\/soldadurasutpmty.com\/index.php\/wp-json\/wp\/v2\/types\/product"}],"replies":[{"embeddable":true,"href":"https:\/\/soldadurasutpmty.com\/index.php\/wp-json\/wp\/v2\/comments?post=2335"}],"wp:featuredmedia":[{"embeddable":true,"href":"https:\/\/soldadurasutpmty.com\/index.php\/wp-json\/wp\/v2\/media\/2474"}],"wp:attachment":[{"href":"https:\/\/soldadurasutpmty.com\/index.php\/wp-json\/wp\/v2\/media?parent=2335"}],"wp:term":[{"taxonomy":"product_brand","embeddable":true,"href":"https:\/\/soldadurasutpmty.com\/index.php\/wp-json\/wp\/v2\/product_brand?post=2335"},{"taxonomy":"product_cat","embeddable":true,"href":"https:\/\/soldadurasutpmty.com\/index.php\/wp-json\/wp\/v2\/product_cat?post=2335"},{"taxonomy":"product_tag","embeddable":true,"href":"https:\/\/soldadurasutpmty.com\/index.php\/wp-json\/wp\/v2\/product_tag?post=2335"}],"curies":[{"name":"wp","href":"https:\/\/api.w.org\/{rel}","templated":true}]}}